{"id":1241,"date":"2017-08-10T08:53:28","date_gmt":"2017-08-10T08:53:28","guid":{"rendered":"http:\/\/themebubble.com\/demo\/magplus\/?page_id=1241"},"modified":"2018-04-16T21:13:24","modified_gmt":"2018-04-16T21:13:24","slug":"contact","status":"publish","type":"page","link":"https:\/\/www.fiestaybullshit.com\/en\/contact\/","title":{"rendered":"Contact"},"content":{"rendered":"<p>[vc_row][vc_column width=&#8221;2\/3&#8243; el_class=&#8221;col-sm-8&#8243;][vc_column_text wrap_with_class=&#8221;no&#8221;]<\/p>\n<h3 class=\"c-h3\"><small>Get In Touch<\/small><\/h3>\n<p>[\/vc_column_text][rs_space lg_device=&#8221;10&#8243; md_device=&#8221;&#8221; sm_device=&#8221;&#8221; xs_device=&#8221;&#8221;][vc_column_text wrap_with_class=&#8221;no&#8221;]<\/p>\n<div class=\"simple-text size-6\">\n<div class=\"simple-text size-6\">\n<p>We love to hear from you, if you have any question, please be as detailed as you can, so we can reply to you with the most useful answer to your question.<\/p>\n<\/div>\n<\/div>\n<p>[\/vc_column_text][rs_space lg_device=&#8221;20&#8243; md_device=&#8221;&#8221; sm_device=&#8221;&#8221; xs_device=&#8221;&#8221;]\n<div class=\"wpcf7 no-js\" id=\"wpcf7-f24637-o1\" lang=\"es-ES\" dir=\"ltr\">\n<div class=\"screen-reader-response\"><p role=\"status\" aria-live=\"polite\" aria-atomic=\"true\"><\/p> <ul><\/ul><\/div>\n<form action=\"\/en\/wp-json\/wp\/v2\/pages\/1241#wpcf7-f24637-o1\" method=\"post\" class=\"wpcf7-form init\" aria-label=\"Formulario de contacto\" novalidate=\"novalidate\" data-status=\"init\">\n<div style=\"display: none;\">\n<input type=\"hidden\" name=\"_wpcf7\" value=\"24637\" \/>\n<input type=\"hidden\" name=\"_wpcf7_version\" value=\"5.8.6\" \/>\n<input type=\"hidden\" name=\"_wpcf7_locale\" value=\"es_ES\" \/>\n<input type=\"hidden\" name=\"_wpcf7_unit_tag\" value=\"wpcf7-f24637-o1\" \/>\n<input type=\"hidden\" name=\"_wpcf7_container_post\" value=\"0\" \/>\n<input type=\"hidden\" name=\"_wpcf7_posted_data_hash\" value=\"\" \/>\n<\/div>\n<div class=\"col-sm-6\">\n\t<p><span class=\"wpcf7-form-control-wrap\" data-name=\"your-name\"><input size=\"40\" class=\"wpcf7-form-control wpcf7-text wpcf7-validates-as-required c-input size-2\" aria-required=\"true\" aria-invalid=\"false\" placeholder=\"Nombre\" value=\"\" type=\"text\" name=\"your-name\" \/><\/span>\n\t<\/p>\n<\/div>\n<div class=\"col-sm-6\">\n\t<p><span class=\"wpcf7-form-control-wrap\" data-name=\"your-email\"><input size=\"40\" class=\"wpcf7-form-control wpcf7-email wpcf7-validates-as-required wpcf7-text wpcf7-validates-as-email c-input type-2 size-2\" aria-required=\"true\" aria-invalid=\"false\" placeholder=\"e-mail\" value=\"\" type=\"email\" name=\"your-email\" \/><\/span>\n\t<\/p>\n<\/div>\n<div class=\"col-sm-12\" style=\"margin-top:15px\">\n\t<p><span class=\"wpcf7-form-control-wrap\" data-name=\"your-message\"><textarea cols=\"40\" rows=\"5\" class=\"wpcf7-form-control wpcf7-textarea c-area type-2 size-2\" aria-invalid=\"false\" placeholder=\"Mensaje\" name=\"your-message\"><\/textarea><\/span>\n\t<\/p>\n<\/div>\n<p><span><span class=\"wpcf7-form-control-wrap\" data-name=\"acceptance-279\"><span class=\"wpcf7-form-control wpcf7-acceptance\"><span class=\"wpcf7-list-item\"><input type=\"checkbox\" name=\"acceptance-279\" value=\"1\" aria-invalid=\"false\" \/><\/span><\/span><\/span> Usted consiente, a trav\u00e9s de la marcaci\u00f3n de la presente casilla, al tratamiento de sus datos con las finalidades descritas en la <a target=\"_blank\" href=\"https:\/\/www.fiestaybullshit.com\/politica-de-privacidad-formulario\">Pol\u00edtica de Privacidad<\/a>.<\/span>\n<\/p>\n<p><span><span class=\"wpcf7-form-control-wrap\" data-name=\"acceptance-414\"><span class=\"wpcf7-form-control wpcf7-acceptance\"><span class=\"wpcf7-list-item\"><input type=\"checkbox\" name=\"acceptance-414\" value=\"1\" aria-invalid=\"false\" \/><\/span><\/span><\/span> Usted declara, a trav\u00e9s de la marcaci\u00f3n de la presente casilla, bajo su propia responsabilidad, tener cumplidos los catorce a\u00f1os de edad, respondiendo de manera exclusiva y personal de la veracidad de dicha declaraci\u00f3n y asumiendo, por ende, las posibles responsabilidades legales al respecto.<\/span>\n<\/p>\n<div class=\"c-btn type-1 style-2 color-2 size-2 inherit\" style=\"margin-left:15px; margin-top:15px\">\n\t<p><button class=\"wpcf7-form-control wpcf7-submit contact-btn qodef-button qodef-size--normal qodef-type--filled qodef-m\" type=\"submit\"><span class=\"qodef-m-text\">Enviar<\/span><\/button>\n\t<\/p>\n<\/div><div class=\"wpcf7-response-output\" aria-hidden=\"true\"><\/div>\n<\/form>\n<\/div>\n[rs_space lg_device=&#8221;&#8221; md_device=&#8221;&#8221; sm_device=&#8221;&#8221; xs_device=&#8221;30&#8243;][\/vc_column][vc_column width=&#8221;1\/3&#8243; el_class=&#8221;col-sm-4&#8243;][rs_about_us_block heading=&#8221;About Us&#8221; image=&#8221;25004&#8243; signature=&#8221;1064&#8243; link=&#8221;url:%23|||&#8221;]Innovation, creation and a team that\u2019s in constant expansion, have placed the media brand in position as one of the most influential the Spanish electronic music scene. Thanks to sustainable development and the endorsement of its thousands of followers, the brand has managed to evolve into a leader within the sector.[\/rs_about_us_block][\/vc_column][\/vc_row]<\/p>\n","protected":false},"excerpt":{"rendered":"<p>[vc_row][vc_column width=&#8221;2\/3&#8243; el_class=&#8221;col-sm-8&#8243;][vc_column_text wrap_with_class=&#8221;no&#8221;] Get In Touch [\/vc_column_text][rs_space lg_device=&#8221;10&#8243; md_device=&#8221;&#8221; sm_device=&#8221;&#8221; xs_device=&#8221;&#8221;][vc_column_text wrap_with_class=&#8221;no&#8221;] We love to hear from you, if you have any question, please be as detailed as you can, so we can reply to you with the most useful answer to your question. [\/vc_column_text][rs_space lg_device=&#8221;20&#8243; md_device=&#8221;&#8221; sm_device=&#8221;&#8221; xs_device=&#8221;&#8221;][rs_space lg_device=&#8221;&#8221; md_device=&#8221;&#8221; sm_device=&#8221;&#8221; xs_device=&#8221;30&#8243;][\/vc_column][vc_column width=&#8221;1\/3&#8243; [&hellip;]<\/p>\n","protected":false},"author":1,"featured_media":0,"parent":0,"menu_order":0,"comment_status":"closed","ping_status":"closed","template":"","meta":[],"yoast_head":"<!-- This site is optimized with the Yoast SEO plugin v21.8 - https:\/\/yoast.com\/wordpress\/plugins\/seo\/ -->\n<title>Contact - FIESTA y BULLSHIT<\/title>\n<meta name=\"robots\" content=\"index, follow, max-snippet:-1, max-image-preview:large, max-video-preview:-1\" \/>\n<link rel=\"canonical\" href=\"https:\/\/www.fiestaybullshit.com\/en\/contact\/\" \/>\n<meta property=\"og:locale\" content=\"en_US\" \/>\n<meta property=\"og:type\" content=\"article\" \/>\n<meta property=\"og:title\" content=\"Contact - FIESTA y BULLSHIT\" \/>\n<meta property=\"og:description\" content=\"[vc_row][vc_column width=&#8221;2\/3&#8243; el_class=&#8221;col-sm-8&#8243;][vc_column_text wrap_with_class=&#8221;no&#8221;] Get In Touch [\/vc_column_text][rs_space lg_device=&#8221;10&#8243; md_device=&#8221;&#8221; sm_device=&#8221;&#8221; xs_device=&#8221;&#8221;][vc_column_text wrap_with_class=&#8221;no&#8221;] We love to hear from you, if you have any question, please be as detailed as you can, so we can reply to you with the most useful answer to your question. [\/vc_column_text][rs_space lg_device=&#8221;20&#8243; md_device=&#8221;&#8221; sm_device=&#8221;&#8221; xs_device=&#8221;&#8221;][rs_space lg_device=&#8221;&#8221; md_device=&#8221;&#8221; sm_device=&#8221;&#8221; xs_device=&#8221;30&#8243;][\/vc_column][vc_column width=&#8221;1\/3&#8243; [&hellip;]\" \/>\n<meta property=\"og:url\" content=\"https:\/\/www.fiestaybullshit.com\/en\/contact\/\" \/>\n<meta property=\"og:site_name\" content=\"FIESTA y BULLSHIT\" \/>\n<meta property=\"article:modified_time\" content=\"2018-04-16T21:13:24+00:00\" \/>\n<meta name=\"twitter:label1\" content=\"Est. reading time\" \/>\n\t<meta name=\"twitter:data1\" content=\"1 minute\" \/>\n<script type=\"application\/ld+json\" class=\"yoast-schema-graph\">{\"@context\":\"https:\/\/schema.org\",\"@graph\":[{\"@type\":\"WebPage\",\"@id\":\"https:\/\/www.fiestaybullshit.com\/en\/contact\/\",\"url\":\"https:\/\/www.fiestaybullshit.com\/en\/contact\/\",\"name\":\"Contact - FIESTA y BULLSHIT\",\"isPartOf\":{\"@id\":\"https:\/\/www.fiestaybullshit.com\/#website\"},\"datePublished\":\"2017-08-10T08:53:28+00:00\",\"dateModified\":\"2018-04-16T21:13:24+00:00\",\"breadcrumb\":{\"@id\":\"https:\/\/www.fiestaybullshit.com\/en\/contact\/#breadcrumb\"},\"inLanguage\":\"en-US\",\"potentialAction\":[{\"@type\":\"ReadAction\",\"target\":[\"https:\/\/www.fiestaybullshit.com\/en\/contact\/\"]}]},{\"@type\":\"BreadcrumbList\",\"@id\":\"https:\/\/www.fiestaybullshit.com\/en\/contact\/#breadcrumb\",\"itemListElement\":[{\"@type\":\"ListItem\",\"position\":1,\"name\":\"Portada\",\"item\":\"https:\/\/www.fiestaybullshit.com\/en\/\"},{\"@type\":\"ListItem\",\"position\":2,\"name\":\"Contact\"}]},{\"@type\":\"WebSite\",\"@id\":\"https:\/\/www.fiestaybullshit.com\/#website\",\"url\":\"https:\/\/www.fiestaybullshit.com\/\",\"name\":\"FIESTA y BULLSHIT\",\"description\":\"Magazine 3.0\",\"potentialAction\":[{\"@type\":\"SearchAction\",\"target\":{\"@type\":\"EntryPoint\",\"urlTemplate\":\"https:\/\/www.fiestaybullshit.com\/?s={search_term_string}\"},\"query-input\":\"required name=search_term_string\"}],\"inLanguage\":\"en-US\"}]}<\/script>\n<!-- \/ Yoast SEO plugin. -->","yoast_head_json":{"title":"Contact - FIESTA y BULLSHIT","robots":{"index":"index","follow":"follow","max-snippet":"max-snippet:-1","max-image-preview":"max-image-preview:large","max-video-preview":"max-video-preview:-1"},"canonical":"https:\/\/www.fiestaybullshit.com\/en\/contact\/","og_locale":"en_US","og_type":"article","og_title":"Contact - FIESTA y BULLSHIT","og_description":"[vc_row][vc_column width=&#8221;2\/3&#8243; el_class=&#8221;col-sm-8&#8243;][vc_column_text wrap_with_class=&#8221;no&#8221;] Get In Touch [\/vc_column_text][rs_space lg_device=&#8221;10&#8243; md_device=&#8221;&#8221; sm_device=&#8221;&#8221; xs_device=&#8221;&#8221;][vc_column_text wrap_with_class=&#8221;no&#8221;] We love to hear from you, if you have any question, please be as detailed as you can, so we can reply to you with the most useful answer to your question. [\/vc_column_text][rs_space lg_device=&#8221;20&#8243; md_device=&#8221;&#8221; sm_device=&#8221;&#8221; xs_device=&#8221;&#8221;][rs_space lg_device=&#8221;&#8221; md_device=&#8221;&#8221; sm_device=&#8221;&#8221; xs_device=&#8221;30&#8243;][\/vc_column][vc_column width=&#8221;1\/3&#8243; [&hellip;]","og_url":"https:\/\/www.fiestaybullshit.com\/en\/contact\/","og_site_name":"FIESTA y BULLSHIT","article_modified_time":"2018-04-16T21:13:24+00:00","twitter_misc":{"Est. reading time":"1 minute"},"schema":{"@context":"https:\/\/schema.org","@graph":[{"@type":"WebPage","@id":"https:\/\/www.fiestaybullshit.com\/en\/contact\/","url":"https:\/\/www.fiestaybullshit.com\/en\/contact\/","name":"Contact - FIESTA y BULLSHIT","isPartOf":{"@id":"https:\/\/www.fiestaybullshit.com\/#website"},"datePublished":"2017-08-10T08:53:28+00:00","dateModified":"2018-04-16T21:13:24+00:00","breadcrumb":{"@id":"https:\/\/www.fiestaybullshit.com\/en\/contact\/#breadcrumb"},"inLanguage":"en-US","potentialAction":[{"@type":"ReadAction","target":["https:\/\/www.fiestaybullshit.com\/en\/contact\/"]}]},{"@type":"BreadcrumbList","@id":"https:\/\/www.fiestaybullshit.com\/en\/contact\/#breadcrumb","itemListElement":[{"@type":"ListItem","position":1,"name":"Portada","item":"https:\/\/www.fiestaybullshit.com\/en\/"},{"@type":"ListItem","position":2,"name":"Contact"}]},{"@type":"WebSite","@id":"https:\/\/www.fiestaybullshit.com\/#website","url":"https:\/\/www.fiestaybullshit.com\/","name":"FIESTA y BULLSHIT","description":"Magazine 3.0","potentialAction":[{"@type":"SearchAction","target":{"@type":"EntryPoint","urlTemplate":"https:\/\/www.fiestaybullshit.com\/?s={search_term_string}"},"query-input":"required name=search_term_string"}],"inLanguage":"en-US"}]}},"_links":{"self":[{"href":"https:\/\/www.fiestaybullshit.com\/en\/wp-json\/wp\/v2\/pages\/1241"}],"collection":[{"href":"https:\/\/www.fiestaybullshit.com\/en\/wp-json\/wp\/v2\/pages"}],"about":[{"href":"https:\/\/www.fiestaybullshit.com\/en\/wp-json\/wp\/v2\/types\/page"}],"author":[{"embeddable":true,"href":"https:\/\/www.fiestaybullshit.com\/en\/wp-json\/wp\/v2\/users\/1"}],"replies":[{"embeddable":true,"href":"https:\/\/www.fiestaybullshit.com\/en\/wp-json\/wp\/v2\/comments?post=1241"}],"version-history":[{"count":0,"href":"https:\/\/www.fiestaybullshit.com\/en\/wp-json\/wp\/v2\/pages\/1241\/revisions"}],"wp:attachment":[{"href":"https:\/\/www.fiestaybullshit.com\/en\/wp-json\/wp\/v2\/media?parent=1241"}],"curies":[{"name":"wp","href":"https:\/\/api.w.org\/{rel}","templated":true}]}}